{"id":38,"date":"2026-02-10T20:29:02","date_gmt":"2026-02-10T20:29:02","guid":{"rendered":"http:\/\/www.carrogest.fr\/index.php\/home\/"},"modified":"2026-02-11T11:19:55","modified_gmt":"2026-02-11T11:19:55","slug":"home","status":"publish","type":"page","link":"https:\/\/www.carrogest.fr\/","title":{"rendered":"Home"},"content":{"rendered":"\t\t<div data-elementor-type=\"wp-page\" data-elementor-id=\"38\" class=\"elementor elementor-38\">\n\t\t\t\t<div class=\"elementor-element elementor-element-54768fda e-con-full e-flex e-con e-parent\" data-id=\"54768fda\" data-element_type=\"container\" data-e-type=\"container\">\n\t\t<div class=\"elementor-element elementor-element-b3dbfd8 e-con-full e-flex e-con e-child\" data-id=\"b3dbfd8\" data-element_type=\"container\" data-e-type=\"container\">\n\t\t\t\t<div class=\"elementor-element elementor-element-322f706 elementor-widget-divider--view-line elementor-widget elementor-widget-divider\" data-id=\"322f706\" data-element_type=\"widget\" data-e-type=\"widget\" data-widget_type=\"divider.default\">\n\t\t\t\t\t\t\t<div class=\"elementor-divider\">\n\t\t\t<span class=\"elementor-divider-separator\">\n\t\t\t\t\t\t<\/span>\n\t\t<\/div>\n\t\t\t\t\t\t<\/div>\n\t\t\t\t<div class=\"elementor-element elementor-element-43831e8d elementor-widget elementor-widget-heading\" data-id=\"43831e8d\" data-element_type=\"widget\" data-e-type=\"widget\" data-widget_type=\"heading.default\">\n\t\t\t\t\t<h1 class=\"elementor-heading-title elementor-size-default\">Ensemble, donnons de la vitesse \u00e0 vos projets<\/h1>\t\t\t\t<\/div>\n\t\t\t\t<div class=\"elementor-element elementor-element-6f99c144 elementor-widget__width-initial elementor-widget-mobile__width-inherit elementor-widget elementor-widget-text-editor\" data-id=\"6f99c144\" data-element_type=\"widget\" data-e-type=\"widget\" data-widget_type=\"text-editor.default\">\n\t\t\t\t\t\t\t\t\t<p>Clart\u00e9, m\u00e9thode et engagement au service de votre croissance.<\/p>\t\t\t\t\t\t\t\t<\/div>\n\t\t\t\t<div class=\"elementor-element elementor-element-6380de1e elementor-mobile-align-center elementor-invisible elementor-widget elementor-widget-button\" data-id=\"6380de1e\" data-element_type=\"widget\" data-e-type=\"widget\" data-settings=\"{&quot;_animation&quot;:&quot;fadeInDown&quot;}\" data-widget_type=\"button.default\">\n\t\t\t\t\t\t\t\t\t\t<a class=\"elementor-button elementor-button-link elementor-size-sm\" href=\"http:\/\/contact@carrogest.fr\">\n\t\t\t\t\t\t<span class=\"elementor-button-content-wrapper\">\n\t\t\t\t\t\t\t\t\t<span class=\"elementor-button-text\">CONTACT@CARROGEST.FR<\/span>\n\t\t\t\t\t<\/span>\n\t\t\t\t\t<\/a>\n\t\t\t\t\t\t\t\t<\/div>\n\t\t\t\t<\/div>\n\t\t\t\t<\/div>\n\t\t<div class=\"elementor-element elementor-element-dff5b73 e-flex e-con-boxed e-con e-parent\" data-id=\"dff5b73\" data-element_type=\"container\" data-e-type=\"container\">\n\t\t\t\t\t<div class=\"e-con-inner\">\n\t\t<div class=\"elementor-element elementor-element-7d3a7d6 e-con-full e-flex e-con e-child\" data-id=\"7d3a7d6\" data-element_type=\"container\" data-e-type=\"container\">\n\t\t\t\t<div class=\"elementor-element elementor-element-07b4031 elementor-widget elementor-widget-image\" data-id=\"07b4031\" data-element_type=\"widget\" data-e-type=\"widget\" data-widget_type=\"image.default\">\n\t\t\t\t\t\t\t\t\t\t\t\t\t\t\t<img fetchpriority=\"high\" decoding=\"async\" width=\"1024\" height=\"146\" src=\"https:\/\/www.carrogest.fr\/wp-content\/uploads\/2026\/02\/CARROGEST-1024x146.png\" class=\"attachment-large size-large wp-image-64\" alt=\"\" srcset=\"https:\/\/www.carrogest.fr\/wp-content\/uploads\/2026\/02\/CARROGEST-1024x146.png 1024w, https:\/\/www.carrogest.fr\/wp-content\/uploads\/2026\/02\/CARROGEST-300x43.png 300w, https:\/\/www.carrogest.fr\/wp-content\/uploads\/2026\/02\/CARROGEST-768x109.png 768w, https:\/\/www.carrogest.fr\/wp-content\/uploads\/2026\/02\/CARROGEST.png 1217w\" sizes=\"(max-width: 1024px) 100vw, 1024px\" \/>\t\t\t\t\t\t\t\t\t\t\t\t\t\t\t<\/div>\n\t\t\t\t<\/div>\n\t\t<div class=\"elementor-element elementor-element-3aca906 e-con-full e-flex e-con e-child\" data-id=\"3aca906\" data-element_type=\"container\" data-e-type=\"container\">\n\t\t\t\t<div class=\"elementor-element elementor-element-34b4c47 elementor-widget elementor-widget-heading\" data-id=\"34b4c47\" data-element_type=\"widget\" data-e-type=\"widget\" data-widget_type=\"heading.default\">\n\t\t\t\t\t<h2 class=\"elementor-heading-title elementor-size-default\">Des solutions concr\u00e8tes, des r\u00e9sultats durables<\/h2>\t\t\t\t<\/div>\n\t\t\t\t<\/div>\n\t\t<div class=\"elementor-element elementor-element-0c69074 e-con-full e-flex e-con e-child\" data-id=\"0c69074\" data-element_type=\"container\" data-e-type=\"container\">\n\t\t\t\t<div class=\"elementor-element elementor-element-6086b26 elementor-widget elementor-widget-text-editor\" data-id=\"6086b26\" data-element_type=\"widget\" data-e-type=\"widget\" data-widget_type=\"text-editor.default\">\n\t\t\t\t\t\t\t\t\t<p>Chez Carrogest, nous privil\u00e9gions une approche pragmatique et op\u00e9rationnelle. Chaque recommandation est pens\u00e9e pour \u00eatre applicable imm\u00e9diatement et adapt\u00e9e \u00e0 la r\u00e9alit\u00e9 de votre activit\u00e9. Notre objectif est simple : transformer la strat\u00e9gie en actions efficaces, s\u00e9curiser vos d\u00e9cisions et inscrire votre d\u00e9veloppement dans la dur\u00e9e.<\/p>\t\t\t\t\t\t\t\t<\/div>\n\t\t\t\t<\/div>\n\t\t\t\t\t<\/div>\n\t\t\t\t<\/div>\n\t\t<div class=\"elementor-element elementor-element-1cc799fc e-con-full e-flex e-con e-parent\" data-id=\"1cc799fc\" data-element_type=\"container\" data-e-type=\"container\">\n\t\t<div class=\"elementor-element elementor-element-53df3e94 e-con-full e-flex e-con e-child\" data-id=\"53df3e94\" data-element_type=\"container\" data-e-type=\"container\">\n\t\t\t\t<div class=\"elementor-element elementor-element-34bf4847 elementor-widget__width-initial elementor-widget elementor-widget-heading\" data-id=\"34bf4847\" data-element_type=\"widget\" data-e-type=\"widget\" data-widget_type=\"heading.default\">\n\t\t\t\t\t<h2 class=\"elementor-heading-title elementor-size-default\">Pourquoi collaborer avec nous<\/h2>\t\t\t\t<\/div>\n\t\t\t\t<\/div>\n\t\t<div class=\"elementor-element elementor-element-42ab0fd e-con-full e-flex e-con e-child\" data-id=\"42ab0fd\" data-element_type=\"container\" data-e-type=\"container\">\n\t\t<div class=\"elementor-element elementor-element-532d3d64 e-con-full e-flex e-con e-child\" data-id=\"532d3d64\" data-element_type=\"container\" data-e-type=\"container\">\n\t\t\t\t<div class=\"elementor-element elementor-element-434ed11c elementor-widget elementor-widget-icon-box\" data-id=\"434ed11c\" data-element_type=\"widget\" data-e-type=\"widget\" data-widget_type=\"icon-box.default\">\n\t\t\t\t\t\t\t<div class=\"elementor-icon-box-wrapper\">\n\n\t\t\t\n\t\t\t\t\t\t<div class=\"elementor-icon-box-content\">\n\n\t\t\t\t\t\t\t\t\t<h3 class=\"elementor-icon-box-title\">\n\t\t\t\t\t\t<span  >\n\t\t\t\t\t\t\tClart\u00e9 dans vos d\u00e9cisions\t\t\t\t\t\t<\/span>\n\t\t\t\t\t<\/h3>\n\t\t\t\t\n\t\t\t\t\t\t\t\t\t<p class=\"elementor-icon-box-description\">\n\t\t\t\t\t\tNous vous aidons \u00e0 prendre du recul, \u00e0 structurer vos choix et \u00e0 d\u00e9cider avec une vision claire et ma\u00eetris\u00e9e.\t\t\t\t\t<\/p>\n\t\t\t\t\n\t\t\t<\/div>\n\t\t\t\n\t\t<\/div>\n\t\t\t\t\t\t<\/div>\n\t\t\t\t<\/div>\n\t\t<div class=\"elementor-element elementor-element-7cbe899c e-con-full e-flex e-con e-child\" data-id=\"7cbe899c\" data-element_type=\"container\" data-e-type=\"container\">\n\t\t\t\t<div class=\"elementor-element elementor-element-626830a7 elementor-widget elementor-widget-icon-box\" data-id=\"626830a7\" data-element_type=\"widget\" data-e-type=\"widget\" data-widget_type=\"icon-box.default\">\n\t\t\t\t\t\t\t<div class=\"elementor-icon-box-wrapper\">\n\n\t\t\t\n\t\t\t\t\t\t<div class=\"elementor-icon-box-content\">\n\n\t\t\t\t\t\t\t\t\t<h3 class=\"elementor-icon-box-title\">\n\t\t\t\t\t\t<span  >\n\t\t\t\t\t\t\tUn accompagnement concret\t\t\t\t\t\t<\/span>\n\t\t\t\t\t<\/h3>\n\t\t\t\t\n\t\t\t\t\t\t\t\t\t<p class=\"elementor-icon-box-description\">\n\t\t\t\t\t\tDes recommandations applicables, pens\u00e9es pour le terrain et adapt\u00e9es \u00e0 la r\u00e9alit\u00e9 de votre activit\u00e9.\t\t\t\t\t<\/p>\n\t\t\t\t\n\t\t\t<\/div>\n\t\t\t\n\t\t<\/div>\n\t\t\t\t\t\t<\/div>\n\t\t\t\t<\/div>\n\t\t<div class=\"elementor-element elementor-element-5df05db9 e-con-full e-flex e-con e-child\" data-id=\"5df05db9\" data-element_type=\"container\" data-e-type=\"container\">\n\t\t\t\t<div class=\"elementor-element elementor-element-71ddee09 elementor-widget elementor-widget-icon-box\" data-id=\"71ddee09\" data-element_type=\"widget\" data-e-type=\"widget\" data-widget_type=\"icon-box.default\">\n\t\t\t\t\t\t\t<div class=\"elementor-icon-box-wrapper\">\n\n\t\t\t\n\t\t\t\t\t\t<div class=\"elementor-icon-box-content\">\n\n\t\t\t\t\t\t\t\t\t<h3 class=\"elementor-icon-box-title\">\n\t\t\t\t\t\t<span  >\n\t\t\t\t\t\t\tUne croissance s\u00e9curis\u00e9e\t\t\t\t\t\t<\/span>\n\t\t\t\t\t<\/h3>\n\t\t\t\t\n\t\t\t\t\t\t\t\t\t<p class=\"elementor-icon-box-description\">\n\t\t\t\t\t\tNous structurons votre d\u00e9veloppement pour qu\u2019il soit durable, ma\u00eetris\u00e9 et align\u00e9 avec vos objectifs.\t\t\t\t\t<\/p>\n\t\t\t\t\n\t\t\t<\/div>\n\t\t\t\n\t\t<\/div>\n\t\t\t\t\t\t<\/div>\n\t\t\t\t<\/div>\n\t\t<div class=\"elementor-element elementor-element-16300ab6 e-con-full e-flex e-con e-child\" data-id=\"16300ab6\" data-element_type=\"container\" data-e-type=\"container\">\n\t\t\t\t<div class=\"elementor-element elementor-element-56b2ac7d elementor-widget elementor-widget-icon-box\" data-id=\"56b2ac7d\" data-element_type=\"widget\" data-e-type=\"widget\" data-widget_type=\"icon-box.default\">\n\t\t\t\t\t\t\t<div class=\"elementor-icon-box-wrapper\">\n\n\t\t\t\n\t\t\t\t\t\t<div class=\"elementor-icon-box-content\">\n\n\t\t\t\t\t\t\t\t\t<h3 class=\"elementor-icon-box-title\">\n\t\t\t\t\t\t<span  >\n\t\t\t\t\t\t\tUn v\u00e9ritable partenaire\t\t\t\t\t\t<\/span>\n\t\t\t\t\t<\/h3>\n\t\t\t\t\n\t\t\t\t\t\t\t\t\t<p class=\"elementor-icon-box-description\">\n\t\t\t\t\t\tPlus qu\u2019un conseil, un engagement \u00e0 vos c\u00f4t\u00e9s, dans la dur\u00e9e, avec proximit\u00e9 et confiance.\t\t\t\t\t<\/p>\n\t\t\t\t\n\t\t\t<\/div>\n\t\t\t\n\t\t<\/div>\n\t\t\t\t\t\t<\/div>\n\t\t\t\t<\/div>\n\t\t\t\t<\/div>\n\t\t\t\t<\/div>\n\t\t<div class=\"elementor-element elementor-element-35d70c8 e-flex e-con-boxed e-con e-parent\" data-id=\"35d70c8\" data-element_type=\"container\" data-e-type=\"container\">\n\t\t\t\t\t<div class=\"e-con-inner\">\n\t\t<div class=\"elementor-element elementor-element-b145bce e-con-full e-flex e-con e-child\" data-id=\"b145bce\" data-element_type=\"container\" data-e-type=\"container\">\n\t\t\t\t<div class=\"elementor-element elementor-element-668be84 e-transform elementor-widget elementor-widget-image\" data-id=\"668be84\" data-element_type=\"widget\" data-e-type=\"widget\" data-settings=\"{&quot;_transform_scale_effect&quot;:{&quot;unit&quot;:&quot;px&quot;,&quot;size&quot;:0.7,&quot;sizes&quot;:[]},&quot;_transform_scale_effect_tablet&quot;:{&quot;unit&quot;:&quot;px&quot;,&quot;size&quot;:1,&quot;sizes&quot;:[]},&quot;_transform_scale_effect_mobile&quot;:{&quot;unit&quot;:&quot;px&quot;,&quot;size&quot;:0.5,&quot;sizes&quot;:[]}}\" data-widget_type=\"image.default\">\n\t\t\t\t\t\t\t\t\t\t\t\t\t\t\t<img decoding=\"async\" width=\"799\" height=\"732\" src=\"https:\/\/www.carrogest.fr\/wp-content\/uploads\/2026\/02\/logo-s-BASE.png\" class=\"attachment-large size-large wp-image-129\" alt=\"\" srcset=\"https:\/\/www.carrogest.fr\/wp-content\/uploads\/2026\/02\/logo-s-BASE.png 799w, https:\/\/www.carrogest.fr\/wp-content\/uploads\/2026\/02\/logo-s-BASE-300x275.png 300w, https:\/\/www.carrogest.fr\/wp-content\/uploads\/2026\/02\/logo-s-BASE-768x704.png 768w\" sizes=\"(max-width: 799px) 100vw, 799px\" \/>\t\t\t\t\t\t\t\t\t\t\t\t\t\t\t<\/div>\n\t\t\t\t<\/div>\n\t\t<div class=\"elementor-element elementor-element-43adcf7 e-con-full e-flex e-con e-child\" data-id=\"43adcf7\" data-element_type=\"container\" data-e-type=\"container\">\n\t\t<div class=\"elementor-element elementor-element-6c89572 e-con-full e-flex e-con e-child\" data-id=\"6c89572\" data-element_type=\"container\" data-e-type=\"container\">\n\t\t\t\t<div class=\"elementor-element elementor-element-08ac720 elementor-widget elementor-widget-heading\" data-id=\"08ac720\" data-element_type=\"widget\" data-e-type=\"widget\" data-widget_type=\"heading.default\">\n\t\t\t\t\t<h2 class=\"elementor-heading-title elementor-size-default\">A propos de nous<\/h2>\t\t\t\t<\/div>\n\t\t\t\t<\/div>\n\t\t<div class=\"elementor-element elementor-element-6505de7 e-con-full e-flex e-con e-child\" data-id=\"6505de7\" data-element_type=\"container\" data-e-type=\"container\">\n\t\t\t\t<div class=\"elementor-element elementor-element-5123a70 elementor-widget elementor-widget-text-editor\" data-id=\"5123a70\" data-element_type=\"widget\" data-e-type=\"widget\" data-widget_type=\"text-editor.default\">\n\t\t\t\t\t\t\t\t\t<p data-start=\"220\" data-end=\"360\"><strong data-start=\"220\" data-end=\"360\">Carrogest est n\u00e9e d\u2019une conviction simple : une entreprise bien accompagn\u00e9e est une entreprise qui avance plus vite et plus sereinement.<\/strong><\/p><p data-start=\"362\" data-end=\"593\">Depuis sa cr\u00e9ation, Carrogest accompagne les dirigeants et les structures dans leurs <strong data-start=\"447\" data-end=\"516\">choix strat\u00e9giques, leur organisation et leur gestion quotidienne<\/strong>, avec une approche \u00e0 la fois <strong data-start=\"546\" data-end=\"592\">pragmatique, humaine et orient\u00e9e r\u00e9sultats<\/strong>.<\/p><p data-start=\"595\" data-end=\"907\">Nous travaillons aux c\u00f4t\u00e9s de nos clients comme de v\u00e9ritables <strong data-start=\"657\" data-end=\"672\">partenaires<\/strong>, en comprenant leurs enjeux, leurs contraintes et leurs ambitions. Chaque mission est pens\u00e9e sur mesure, avec un objectif clair : <strong data-start=\"803\" data-end=\"906\">simplifier la gestion, s\u00e9curiser les d\u00e9cisions et soutenir le d\u00e9veloppement durable des entreprises<\/strong>.<\/p><p data-start=\"909\" data-end=\"1165\">Bas\u00e9e \u00e0 Marseille, Carrogest s\u2019appuie sur une expertise solide en <strong data-start=\"975\" data-end=\"1008\">conseil et gestion d\u2019affaires<\/strong>, et sur une connaissance fine du terrain. Nous croyons \u00e0 une relation de proximit\u00e9, fond\u00e9e sur la confiance, la transparence et l\u2019efficacit\u00e9 op\u00e9rationnelle.<\/p>\t\t\t\t\t\t\t\t<\/div>\n\t\t\t\t<\/div>\n\t\t\t\t<\/div>\n\t\t\t\t\t<\/div>\n\t\t\t\t<\/div>\n\t\t<div class=\"elementor-element elementor-element-e4c7ca4 e-flex e-con-boxed e-con e-parent\" data-id=\"e4c7ca4\" data-element_type=\"container\" data-e-type=\"container\">\n\t\t\t\t\t<div class=\"e-con-inner\">\n\t\t<div class=\"elementor-element elementor-element-3bf7d35 e-con-full e-flex e-con e-child\" data-id=\"3bf7d35\" data-element_type=\"container\" data-e-type=\"container\">\n\t\t\t\t<div class=\"elementor-element elementor-element-1acaa8f elementor-widget__width-initial e-transform elementor-widget elementor-widget-image\" data-id=\"1acaa8f\" data-element_type=\"widget\" data-e-type=\"widget\" data-settings=\"{&quot;_transform_scale_effect_mobile&quot;:{&quot;unit&quot;:&quot;px&quot;,&quot;size&quot;:0.9,&quot;sizes&quot;:[]},&quot;_transform_scale_effect&quot;:{&quot;unit&quot;:&quot;px&quot;,&quot;size&quot;:&quot;&quot;,&quot;sizes&quot;:[]},&quot;_transform_scale_effect_tablet&quot;:{&quot;unit&quot;:&quot;px&quot;,&quot;size&quot;:&quot;&quot;,&quot;sizes&quot;:[]}}\" data-widget_type=\"image.default\">\n\t\t\t\t\t\t\t\t\t\t\t\t\t\t\t<img decoding=\"async\" width=\"1024\" height=\"1024\" src=\"https:\/\/www.carrogest.fr\/wp-content\/uploads\/2026\/02\/LOGO-VALIDE-1024x1024.png\" class=\"attachment-large size-large wp-image-65\" alt=\"\" srcset=\"https:\/\/www.carrogest.fr\/wp-content\/uploads\/2026\/02\/LOGO-VALIDE-1024x1024.png 1024w, https:\/\/www.carrogest.fr\/wp-content\/uploads\/2026\/02\/LOGO-VALIDE-300x300.png 300w, https:\/\/www.carrogest.fr\/wp-content\/uploads\/2026\/02\/LOGO-VALIDE-150x150.png 150w, https:\/\/www.carrogest.fr\/wp-content\/uploads\/2026\/02\/LOGO-VALIDE-768x768.png 768w, https:\/\/www.carrogest.fr\/wp-content\/uploads\/2026\/02\/LOGO-VALIDE.png 1305w\" sizes=\"(max-width: 1024px) 100vw, 1024px\" \/>\t\t\t\t\t\t\t\t\t\t\t\t\t\t\t<\/div>\n\t\t\t\t<\/div>\n\t\t<div class=\"elementor-element elementor-element-3585713 e-con-full e-flex e-con e-child\" data-id=\"3585713\" data-element_type=\"container\" data-e-type=\"container\">\n\t\t<div class=\"elementor-element elementor-element-c38e5eb e-con-full e-flex e-con e-child\" data-id=\"c38e5eb\" data-element_type=\"container\" data-e-type=\"container\">\n\t\t\t\t<div class=\"elementor-element elementor-element-162a353 elementor-widget elementor-widget-heading\" data-id=\"162a353\" data-element_type=\"widget\" data-e-type=\"widget\" data-widget_type=\"heading.default\">\n\t\t\t\t\t<h2 class=\"elementor-heading-title elementor-size-default\">Notre vision<\/h2>\t\t\t\t<\/div>\n\t\t\t\t<\/div>\n\t\t<div class=\"elementor-element elementor-element-659413d e-con-full e-flex e-con e-child\" data-id=\"659413d\" data-element_type=\"container\" data-e-type=\"container\">\n\t\t\t\t<div class=\"elementor-element elementor-element-cdb5008 elementor-widget elementor-widget-text-editor\" data-id=\"cdb5008\" data-element_type=\"widget\" data-e-type=\"widget\" data-widget_type=\"text-editor.default\">\n\t\t\t\t\t\t\t\t\t<p>Chez Carrogest, nous croyons qu\u2019une entreprise performante est avant tout une entreprise bien structur\u00e9e et bien accompagn\u00e9e.<br data-start=\"231\" data-end=\"234\" \/>Notre vision est d\u2019\u00eatre un partenaire de confiance pour les dirigeants, \u00e0 chaque \u00e9tape de leur d\u00e9veloppement.<br data-start=\"343\" data-end=\"346\" \/>Nous apportons clart\u00e9, m\u00e9thode et s\u00e9r\u00e9nit\u00e9 dans la prise de d\u00e9cision.<br data-start=\"415\" data-end=\"418\" \/>Notre approche allie expertise strat\u00e9gique et r\u00e9alit\u00e9 du terrain.<br data-start=\"483\" data-end=\"486\" data-is-only-node=\"\" \/>Nous pla\u00e7ons l\u2019humain, la proximit\u00e9 et l\u2019efficacit\u00e9 au c\u0153ur de chaque accompagnement.<br data-start=\"571\" data-end=\"574\" \/>Parce que grandir durablement commence par des choix solides.<\/p>\t\t\t\t\t\t\t\t<\/div>\n\t\t\t\t<\/div>\n\t\t\t\t<\/div>\n\t\t\t\t\t<\/div>\n\t\t\t\t<\/div>\n\t\t<div class=\"elementor-element elementor-element-c081a08 e-flex e-con-boxed e-con e-parent\" data-id=\"c081a08\" data-element_type=\"container\" data-e-type=\"container\">\n\t\t\t\t\t<div class=\"e-con-inner\">\n\t\t\t\t<div class=\"elementor-element elementor-element-3a56dbf elementor-widget elementor-widget-text-editor\" data-id=\"3a56dbf\" data-element_type=\"widget\" data-e-type=\"widget\" data-widget_type=\"text-editor.default\">\n\t\t\t\t\t\t\t\t\t<p>CARROGEST SAS &#8211; 97 Traverse des Baudillons 13013 Marseille &#8211; SIRET 79129203000040\u00a0<\/p>\t\t\t\t\t\t\t\t<\/div>\n\t\t\t\t\t<\/div>\n\t\t\t\t<\/div>\n\t\t\t\t<\/div>\n\t\t","protected":false},"excerpt":{"rendered":"<p>Ensemble, donnons de la vitesse \u00e0 vos projets Clart\u00e9, m\u00e9thode et engagement au service de votre croissance. CONTACT@CARROGEST.FR Des solutions concr\u00e8tes, des r\u00e9sultats durables Chez Carrogest, nous privil\u00e9gions une approche pragmatique et op\u00e9rationnelle. Chaque recommandation est pens\u00e9e pour \u00eatre applicable imm\u00e9diatement et adapt\u00e9e \u00e0 la r\u00e9alit\u00e9 de votre activit\u00e9. Notre objectif est simple : transformer [&hellip;]<\/p>\n","protected":false},"author":1,"featured_media":43,"parent":0,"menu_order":0,"comment_status":"closed","ping_status":"closed","template":"elementor_header_footer","meta":{"footnotes":""},"class_list":["post-38","page","type-page","status-publish","has-post-thumbnail","hentry"],"_links":{"self":[{"href":"https:\/\/www.carrogest.fr\/index.php\/wp-json\/wp\/v2\/pages\/38","targetHints":{"allow":["GET"]}}],"collection":[{"href":"https:\/\/www.carrogest.fr\/index.php\/wp-json\/wp\/v2\/pages"}],"about":[{"href":"https:\/\/www.carrogest.fr\/index.php\/wp-json\/wp\/v2\/types\/page"}],"author":[{"embeddable":true,"href":"https:\/\/www.carrogest.fr\/index.php\/wp-json\/wp\/v2\/users\/1"}],"replies":[{"embeddable":true,"href":"https:\/\/www.carrogest.fr\/index.php\/wp-json\/wp\/v2\/comments?post=38"}],"version-history":[{"count":80,"href":"https:\/\/www.carrogest.fr\/index.php\/wp-json\/wp\/v2\/pages\/38\/revisions"}],"predecessor-version":[{"id":176,"href":"https:\/\/www.carrogest.fr\/index.php\/wp-json\/wp\/v2\/pages\/38\/revisions\/176"}],"wp:featuredmedia":[{"embeddable":true,"href":"https:\/\/www.carrogest.fr\/index.php\/wp-json\/wp\/v2\/media\/43"}],"wp:attachment":[{"href":"https:\/\/www.carrogest.fr\/index.php\/wp-json\/wp\/v2\/media?parent=38"}],"curies":[{"name":"wp","href":"https:\/\/api.w.org\/{rel}","templated":true}]}}